{"id":144,"date":"2023-02-03T20:55:23","date_gmt":"2023-02-03T20:55:23","guid":{"rendered":"http:\/\/fabienne-schmidt.de\/?page_id=144"},"modified":"2025-08-03T13:48:55","modified_gmt":"2025-08-03T13:48:55","slug":"make-up-coaching","status":"publish","type":"page","link":"http:\/\/fabienne-schmidt.de\/?page_id=144","title":{"rendered":"Make-Up Coaching"},"content":{"rendered":"\n<div style=\"height:0px\" aria-hidden=\"true\" class=\"wp-block-spacer\"><\/div>\n\n\n\n<figure class=\"wp-block-image size-large\"><img decoding=\"async\" loading=\"lazy\" width=\"1024\" height=\"683\" src=\"http:\/\/fabienne-schmidt.de\/wp-content\/uploads\/2023\/04\/C62A4955-1024x683.jpg\" alt=\"\" class=\"wp-image-343\" srcset=\"http:\/\/fabienne-schmidt.de\/wp-content\/uploads\/2023\/04\/C62A4955-1024x683.jpg 1024w, http:\/\/fabienne-schmidt.de\/wp-content\/uploads\/2023\/04\/C62A4955-300x200.jpg 300w, http:\/\/fabienne-schmidt.de\/wp-content\/uploads\/2023\/04\/C62A4955-768x512.jpg 768w, http:\/\/fabienne-schmidt.de\/wp-content\/uploads\/2023\/04\/C62A4955-1536x1024.jpg 1536w, http:\/\/fabienne-schmidt.de\/wp-content\/uploads\/2023\/04\/C62A4955-2048x1365.jpg 2048w, http:\/\/fabienne-schmidt.de\/wp-content\/uploads\/2023\/04\/C62A4955-720x480.jpg 720w\" sizes=\"(max-width: 1024px) 100vw, 1024px\" \/><\/figure>\n\n\n\n<figure class=\"wp-block-pullquote\"><blockquote><p>Werde dein eigener Make-Up Artist und finde deinen Signature-Look.<\/p><\/blockquote><\/figure>\n\n\n\n<figure class=\"wp-block-image size-large\"><img decoding=\"async\" loading=\"lazy\" width=\"819\" height=\"1024\" src=\"http:\/\/fabienne-schmidt.de\/wp-content\/uploads\/2023\/02\/6582617E-E2A6-4291-A264-9F58950BD226-819x1024.png\" alt=\"\" class=\"wp-image-170\" srcset=\"http:\/\/fabienne-schmidt.de\/wp-content\/uploads\/2023\/02\/6582617E-E2A6-4291-A264-9F58950BD226-819x1024.png 819w, http:\/\/fabienne-schmidt.de\/wp-content\/uploads\/2023\/02\/6582617E-E2A6-4291-A264-9F58950BD226-240x300.png 240w, http:\/\/fabienne-schmidt.de\/wp-content\/uploads\/2023\/02\/6582617E-E2A6-4291-A264-9F58950BD226-768x960.png 768w, http:\/\/fabienne-schmidt.de\/wp-content\/uploads\/2023\/02\/6582617E-E2A6-4291-A264-9F58950BD226-720x900.png 720w, http:\/\/fabienne-schmidt.de\/wp-content\/uploads\/2023\/02\/6582617E-E2A6-4291-A264-9F58950BD226.png 1080w\" sizes=\"(max-width: 819px) 100vw, 819px\" \/><\/figure>\n\n\n\n<div style=\"height:0px\" aria-hidden=\"true\" class=\"wp-block-spacer\"><\/div>\n\n\n\n<p class=\"has-text-align-center\">. <\/p>\n\n\n\n<div class=\"wp-block-columns is-layout-flex wp-container-2\">\n<div class=\"wp-block-column is-layout-flow\" style=\"flex-basis:100%\">\n<h2 class=\"wp-block-heading\">1 : 1 Coaching<\/h2>\n\n\n\n<div style=\"height:25px\" aria-hidden=\"true\" class=\"wp-block-spacer\"><\/div>\n\n\n\n<div style=\"height:0px\" aria-hidden=\"true\" class=\"wp-block-spacer\"><\/div>\n\n\n\n<p class=\"has-text-align-left has-medium-font-size\">Du schminkst dich seit Jahren immer gleich und w\u00fcnschst dir etwas mehr Abwechslung? Du w\u00fcsstest gern, welche Farben dir stehen und wie du dir in einfachen Stepps ein wundersch\u00f6nes Tages Make-Up zaubern kannst? <\/p>\n\n\n\n<div style=\"height:0px\" aria-hidden=\"true\" class=\"wp-block-spacer\"><\/div>\n\n\n\n<p class=\"has-text-align-left has-medium-font-size\">Zusammen schauen wir uns deine Schminktasche an und ermitteln, was deine individuellen W\u00fcnsche f\u00fcr deinen Make-Up Look sind. Du kannst dich durch verschiedene Texturen und Farben ausprobieren und erh\u00e4ltst einen \u00dcberblick \u00fcber die verschiedenen Pinsel. Auf Wunsch erh\u00e4ltst du bei vorheriger Buchung dein eigenes Pinselset, sodass du im Anschluss zu Hause direkt loslegen kannst. <\/p>\n\n\n\n<p class=\"has-text-align-left has-medium-font-size\">Du erh\u00e4ltst von mir au\u00dferdem eine Shoppingliste mit m\u00f6glichen Alternativen aus High-End und Drogerie, ganz nach deinen W\u00fcnschen. Bei Fragen im Nachgang und dem Einkauf deiner Produkte unterst\u00fctze ich dich gern. <\/p>\n\n\n\n<figure class=\"wp-block-pullquote has-medium-font-size\"><blockquote><p>Eine aktuelle Preisliste findest du unter der Rubrik Leistungen. <\/p><\/blockquote><\/figure>\n\n\n\n<div style=\"height:43px\" aria-hidden=\"true\" class=\"wp-block-spacer\"><\/div>\n\n\n\n<h2 class=\"wp-block-heading\">Gruppencoaching<\/h2>\n\n\n\n<div style=\"height:25px\" aria-hidden=\"true\" class=\"wp-block-spacer\"><\/div>\n\n\n\n<div style=\"height:1px\" aria-hidden=\"true\" class=\"wp-block-spacer\"><\/div>\n\n\n\n<p class=\"has-text-align-left has-medium-font-size\">Zusammen mit den besten Freundinnen, Schwestern oder bei einem Mama-T\u00f6chter-Date zeige ich euch, wie ihr Euren Make-Up Look kreieren k\u00f6nnt. Auch f\u00fcr den Junggesellinnenabschied erstelle ich euch gern ein individuelles Angebot.<br><\/p>\n<\/div>\n<\/div>\n\n\n\n<div style=\"height:100px\" aria-hidden=\"true\" class=\"wp-block-spacer\"><\/div>\n\n\n\n<figure class=\"wp-block-image size-large\"><img decoding=\"async\" loading=\"lazy\" width=\"576\" height=\"1024\" src=\"http:\/\/fabienne-schmidt.de\/wp-content\/uploads\/2023\/02\/1-1-576x1024.png\" alt=\"\" class=\"wp-image-195\" srcset=\"http:\/\/fabienne-schmidt.de\/wp-content\/uploads\/2023\/02\/1-1-576x1024.png 576w, http:\/\/fabienne-schmidt.de\/wp-content\/uploads\/2023\/02\/1-1-169x300.png 169w, http:\/\/fabienne-schmidt.de\/wp-content\/uploads\/2023\/02\/1-1-768x1365.png 768w, http:\/\/fabienne-schmidt.de\/wp-content\/uploads\/2023\/02\/1-1-864x1536.png 864w, http:\/\/fabienne-schmidt.de\/wp-content\/uploads\/2023\/02\/1-1-720x1280.png 720w, http:\/\/fabienne-schmidt.de\/wp-content\/uploads\/2023\/02\/1-1.png 1080w\" sizes=\"(max-width: 576px) 100vw, 576px\" \/><\/figure>\n\n\n\n<figure class=\"wp-block-image size-large\"><img decoding=\"async\" loading=\"lazy\" width=\"576\" height=\"1024\" src=\"http:\/\/fabienne-schmidt.de\/wp-content\/uploads\/2023\/02\/1-2-576x1024.png\" alt=\"\" class=\"wp-image-147\" srcset=\"http:\/\/fabienne-schmidt.de\/wp-content\/uploads\/2023\/02\/1-2-576x1024.png 576w, http:\/\/fabienne-schmidt.de\/wp-content\/uploads\/2023\/02\/1-2-169x300.png 169w, http:\/\/fabienne-schmidt.de\/wp-content\/uploads\/2023\/02\/1-2-768x1365.png 768w, http:\/\/fabienne-schmidt.de\/wp-content\/uploads\/2023\/02\/1-2-864x1536.png 864w, http:\/\/fabienne-schmidt.de\/wp-content\/uploads\/2023\/02\/1-2-720x1280.png 720w, http:\/\/fabienne-schmidt.de\/wp-content\/uploads\/2023\/02\/1-2.png 1080w\" sizes=\"(max-width: 576px) 100vw, 576px\" \/><\/figure>\n\n\n\n<figure class=\"wp-block-image size-large\"><img decoding=\"async\" loading=\"lazy\" width=\"576\" height=\"1024\" src=\"http:\/\/fabienne-schmidt.de\/wp-content\/uploads\/2023\/02\/1-3-576x1024.png\" alt=\"\" class=\"wp-image-148\" srcset=\"http:\/\/fabienne-schmidt.de\/wp-content\/uploads\/2023\/02\/1-3-576x1024.png 576w, http:\/\/fabienne-schmidt.de\/wp-content\/uploads\/2023\/02\/1-3-169x300.png 169w, http:\/\/fabienne-schmidt.de\/wp-content\/uploads\/2023\/02\/1-3-768x1365.png 768w, http:\/\/fabienne-schmidt.de\/wp-content\/uploads\/2023\/02\/1-3-864x1536.png 864w, http:\/\/fabienne-schmidt.de\/wp-content\/uploads\/2023\/02\/1-3-720x1280.png 720w, http:\/\/fabienne-schmidt.de\/wp-content\/uploads\/2023\/02\/1-3.png 1080w\" sizes=\"(max-width: 576px) 100vw, 576px\" \/><\/figure>\n","protected":false},"excerpt":{"rendered":"<p>Werde dein eigener Make-Up Artist und finde deinen Signature-Look. . 1 : 1 Coaching Du schminkst dich seit Jahren immer [&hellip;]<\/p>\n","protected":false},"author":1,"featured_media":0,"parent":0,"menu_order":0,"comment_status":"closed","ping_status":"closed","template":"","meta":[],"_links":{"self":[{"href":"http:\/\/fabienne-schmidt.de\/index.php?rest_route=\/wp\/v2\/pages\/144"}],"collection":[{"href":"http:\/\/fabienne-schmidt.de\/index.php?rest_route=\/wp\/v2\/pages"}],"about":[{"href":"http:\/\/fabienne-schmidt.de\/index.php?rest_route=\/wp\/v2\/types\/page"}],"author":[{"embeddable":true,"href":"http:\/\/fabienne-schmidt.de\/index.php?rest_route=\/wp\/v2\/users\/1"}],"replies":[{"embeddable":true,"href":"http:\/\/fabienne-schmidt.de\/index.php?rest_route=%2Fwp%2Fv2%2Fcomments&post=144"}],"version-history":[{"count":19,"href":"http:\/\/fabienne-schmidt.de\/index.php?rest_route=\/wp\/v2\/pages\/144\/revisions"}],"predecessor-version":[{"id":439,"href":"http:\/\/fabienne-schmidt.de\/index.php?rest_route=\/wp\/v2\/pages\/144\/revisions\/439"}],"wp:attachment":[{"href":"http:\/\/fabienne-schmidt.de\/index.php?rest_route=%2Fwp%2Fv2%2Fmedia&parent=144"}],"curies":[{"name":"wp","href":"https:\/\/api.w.org\/{rel}","templated":true}]}}